{"id":548,"date":"2026-05-07T09:08:33","date_gmt":"2026-05-07T09:08:33","guid":{"rendered":"https:\/\/laptopnhienvu.info.vn\/?page_id=548"},"modified":"2026-05-07T10:14:32","modified_gmt":"2026-05-07T10:14:32","slug":"trang-chu","status":"publish","type":"page","link":"https:\/\/laptopnhienvu.info.vn\/","title":{"rendered":"Trang ch\u1ee7"},"content":{"rendered":"\n\t<section class=\"section\" id=\"section_1298294861\">\n\t\t<div class=\"section-bg fill\" >\n\t\t\t\t\t\t\t\t\t\n\t\t\t\n\n\t\t<\/div>\n\n\t\t\n\n\t\t<div class=\"section-content relative\">\n\t\t\t\n<div class=\"row\"  id=\"row-1196369913\">\n\n\t<div id=\"col-1633728850\" class=\"col small-12 large-12\"  >\n\t\t\t\t<div class=\"col-inner\"  >\n\t\t\t\n\t\t\t\n\n  \n    <div class=\"row large-columns-1 medium-columns-1 small-columns-1\" >\n  <div class=\"col post-item\" >\n\t\t\t<div class=\"col-inner\">\n\t\t\t\t<div class=\"box box-normal box-text-bottom box-blog-post has-hover\">\n            \t\t\t\t\t<div class=\"box-image\" >\n  \t\t\t\t\t\t<div class=\"image-cover\" style=\"padding-top:56.25%;\">\n\t\t\t\t\t\t\t<a href=\"https:\/\/laptopnhienvu.info.vn\/index.php\/2026\/05\/07\/microsoft-toolkit-active-windows-office\/\" class=\"plain\" aria-label=\"T\u1ea3i Microsoft Toolkit M\u1edbi Nh\u1ea5t Active Windows &#038; Office nhanh ch\u00f3ng\">\n\t\t\t\t\t\t\t\t<img loading=\"lazy\" decoding=\"async\" width=\"300\" height=\"225\" src=\"https:\/\/laptopnhienvu.info.vn\/wp-content\/uploads\/2026\/05\/microsoft-toolkit-active-windows-office-300x225.jpg\" class=\"attachment-medium size-medium wp-post-image\" alt=\"T\u1ea3i Microsoft Toolkit M\u1edbi Nh\u1ea5t Active Windows &amp; Office nhanh ch\u00f3ng\" srcset=\"https:\/\/laptopnhienvu.info.vn\/wp-content\/uploads\/2026\/05\/microsoft-toolkit-active-windows-office-300x225.jpg 300w, https:\/\/laptopnhienvu.info.vn\/wp-content\/uploads\/2026\/05\/microsoft-toolkit-active-windows-office-1024x768.jpg 1024w, https:\/\/laptopnhienvu.info.vn\/wp-content\/uploads\/2026\/05\/microsoft-toolkit-active-windows-office-768x576.jpg 768w, https:\/\/laptopnhienvu.info.vn\/wp-content\/uploads\/2026\/05\/microsoft-toolkit-active-windows-office.jpg 1200w\" sizes=\"auto, (max-width: 300px) 100vw, 300px\" \/>\t\t\t\t\t\t\t<\/a>\n  \t\t\t\t\t\t\t  \t\t\t\t\t\t\t  \t\t\t\t\t\t<\/div>\n  \t\t\t\t\t\t  \t\t\t\t\t<\/div>\n          \t\t\t\t\t<div class=\"box-text text-center\" >\n\t\t\t\t\t<div class=\"box-text-inner blog-post-inner\">\n\n\t\t\t\t\t\n\t\t\t\t\t\t\t\t\t\t<h5 class=\"post-title is-large \">\n\t\t\t\t\t\t<a href=\"https:\/\/laptopnhienvu.info.vn\/index.php\/2026\/05\/07\/microsoft-toolkit-active-windows-office\/\" class=\"plain\">T\u1ea3i Microsoft Toolkit M\u1edbi Nh\u1ea5t Active Windows &#038; Office nhanh ch\u00f3ng<\/a>\n\t\t\t\t\t<\/h5>\n\t\t\t\t\t\t\t\t\t\t<div class=\"is-divider\"><\/div>\n\t\t\t\t\t\t\t\t\t\t<p class=\"from_the_blog_excerpt \">\n\t\t\t\t\t\tMicrosoft Toolkit l\u00e0 m\u1ed9t c\u00f4ng c\u1ee5 chuy\u00ean nghi\u1ec7p v\u00e0 mi\u1ec5n ph\u00ed d\u00f9ng \u0111\u1ec3 k\u00edch ho\u1ea1t c\u00e1c phi\u00ean b\u1ea3n Windows v\u00e0 Microsoft Office. Microsoft Toolkit c\u00f2n c\u00f3 t\u00ean g\u1ecdi kh\u00e1c l\u00e0 EZ-Activator. Phi\u00ean b\u1ea3n m\u1edbi nh\u1ea5t c\u1ee7a b\u1ed9 c\u00f4ng c\u1ee5 [...]\t\t\t\t\t<\/p>\n\t\t\t\t\t                    \n\t\t\t\t\t\t\t\t\t\t\t<a href=\"https:\/\/laptopnhienvu.info.vn\/index.php\/2026\/05\/07\/microsoft-toolkit-active-windows-office\/\" class=\"button  is-outline is-small mb-0\">\n\t\t\t\t\t\t\tXem chi ti\u1ebft\t\t\t\t\t\t<\/a>\n\t\t\t\t\t\n\t\t\t\t\t\n\t\t\t\t\t<\/div>\n\t\t\t\t\t<\/div>\n\t\t\t\t\t\t\t\t\t<\/div>\n\t\t\t<\/div>\n\t\t<\/div><\/div>\n\t\t<\/div>\n\t\t\t\t\n<style>\n#col-1633728850 > .col-inner {\n  padding: 0px 0px 0px 0px;\n  margin: 0px 0px -57px 0px;\n}\n<\/style>\n\t<\/div>\n\n\t\n<\/div>\n\t\t<\/div>\n\n\t\t\n<style>\n#section_1298294861 {\n  padding-top: 30px;\n  padding-bottom: 30px;\n}\n<\/style>\n\t<\/section>\n\t\n\n\t<section class=\"section\" id=\"section_1771309217\">\n\t\t<div class=\"section-bg fill\" >\n\t\t\t\t\t\t\t\t\t\n\t\t\t\n\n\t\t<\/div>\n\n\t\t\n\n\t\t<div class=\"section-content relative\">\n\t\t\t\n<div class=\"pmtl-title-bar\">\n  <span>Ph\u1ea7n M\u1ec1m Full Crack M\u1edbi Nh\u1ea5t<\/span>\n<\/div>\n\n  \n    <div class=\"row large-columns-2 medium-columns-1 small-columns-1\" >\n  <div class=\"col post-item\" >\n\t\t\t<div class=\"col-inner\">\n\t\t\t\t<div class=\"box box-normal box-text-bottom box-blog-post has-hover\">\n            \t\t\t\t\t<div class=\"box-image\" >\n  \t\t\t\t\t\t<div class=\"image-cover\" style=\"padding-top:56.25%;\">\n\t\t\t\t\t\t\t<a href=\"https:\/\/laptopnhienvu.info.vn\/index.php\/2026\/05\/07\/tai-office-full-crack-key-ban-quyen\/\" class=\"plain\" aria-label=\"T\u1ea3i Office Full Crack Key b\u1ea3n quy\u1ec1n V\u0129nh vi\u1ec5n Fix m\u1ecdi l\u1ed7i chi ti\u1ebft\">\n\t\t\t\t\t\t\t\t<img loading=\"lazy\" decoding=\"async\" width=\"300\" height=\"167\" src=\"https:\/\/laptopnhienvu.info.vn\/wp-content\/uploads\/2026\/05\/tai-office-full-crack-key-ban-quyen-300x167.jpg\" class=\"attachment-medium size-medium wp-post-image\" alt=\"T\u1ea3i Office Full Crack Key b\u1ea3n quy\u1ec1n V\u0129nh vi\u1ec5n Fix m\u1ecdi l\u1ed7i chi ti\u1ebft\" srcset=\"https:\/\/laptopnhienvu.info.vn\/wp-content\/uploads\/2026\/05\/tai-office-full-crack-key-ban-quyen-300x167.jpg 300w, https:\/\/laptopnhienvu.info.vn\/wp-content\/uploads\/2026\/05\/tai-office-full-crack-key-ban-quyen.jpg 360w\" sizes=\"auto, (max-width: 300px) 100vw, 300px\" \/>\t\t\t\t\t\t\t<\/a>\n  \t\t\t\t\t\t\t  \t\t\t\t\t\t\t  \t\t\t\t\t\t<\/div>\n  \t\t\t\t\t\t  \t\t\t\t\t<\/div>\n          \t\t\t\t\t<div class=\"box-text text-center\" >\n\t\t\t\t\t<div class=\"box-text-inner blog-post-inner\">\n\n\t\t\t\t\t\n\t\t\t\t\t\t\t\t\t\t<h5 class=\"post-title is-large \">\n\t\t\t\t\t\t<a href=\"https:\/\/laptopnhienvu.info.vn\/index.php\/2026\/05\/07\/tai-office-full-crack-key-ban-quyen\/\" class=\"plain\">T\u1ea3i Office Full Crack Key b\u1ea3n quy\u1ec1n V\u0129nh vi\u1ec5n Fix m\u1ecdi l\u1ed7i chi ti\u1ebft<\/a>\n\t\t\t\t\t<\/h5>\n\t\t\t\t\t\t\t\t\t\t<div class=\"is-divider\"><\/div>\n\t\t\t\t\t\t\t\t\t\t<p class=\"from_the_blog_excerpt \">\n\t\t\t\t\t\tMicrosoft Office l\u00e0 b\u1ed9 c\u00f4ng c\u1ee5 v\u0103n ph\u00f2ng kh\u00f4ng th\u1ec3 thi\u1ebfu tr\u00ean chi\u1ebfc m\u00e1y t\u00ednh [...]\t\t\t\t\t<\/p>\n\t\t\t\t\t                    \n\t\t\t\t\t\t\t\t\t\t\t<a href=\"https:\/\/laptopnhienvu.info.vn\/index.php\/2026\/05\/07\/tai-office-full-crack-key-ban-quyen\/\" class=\"button  is-outline is-small mb-0\">\n\t\t\t\t\t\t\tXem chi ti\u1ebft\t\t\t\t\t\t<\/a>\n\t\t\t\t\t\n\t\t\t\t\t\n\t\t\t\t\t<\/div>\n\t\t\t\t\t<\/div>\n\t\t\t\t\t\t\t\t\t<\/div>\n\t\t\t<\/div>\n\t\t<\/div><div class=\"col post-item\" >\n\t\t\t<div class=\"col-inner\">\n\t\t\t\t<div class=\"box box-normal box-text-bottom box-blog-post has-hover\">\n            \t\t\t\t\t<div class=\"box-image\" >\n  \t\t\t\t\t\t<div class=\"image-cover\" style=\"padding-top:56.25%;\">\n\t\t\t\t\t\t\t<a href=\"https:\/\/laptopnhienvu.info.vn\/index.php\/2026\/05\/07\/tai-foxit-reader-full-crack-key-ban-quyen\/\" class=\"plain\" aria-label=\"T\u1ea3i Foxit Reader Editor PDF PhantomPDF Full Crack Active B\u1ea3n Quy\u1ec1n V\u0129nh Vi\u1ec5n\">\n\t\t\t\t\t\t\t\t<img loading=\"lazy\" decoding=\"async\" width=\"300\" height=\"167\" src=\"https:\/\/laptopnhienvu.info.vn\/wp-content\/uploads\/2026\/05\/tai-foxit-reader-full-crack-key-ban-quyen-300x167.jpg\" class=\"attachment-medium size-medium wp-post-image\" alt=\"T\u1ea3i Foxit Reader Editor PDF PhantomPDF Full Crack Active B\u1ea3n Quy\u1ec1n V\u0129nh Vi\u1ec5n\" srcset=\"https:\/\/laptopnhienvu.info.vn\/wp-content\/uploads\/2026\/05\/tai-foxit-reader-full-crack-key-ban-quyen-300x167.jpg 300w, https:\/\/laptopnhienvu.info.vn\/wp-content\/uploads\/2026\/05\/tai-foxit-reader-full-crack-key-ban-quyen.jpg 360w\" sizes=\"auto, (max-width: 300px) 100vw, 300px\" \/>\t\t\t\t\t\t\t<\/a>\n  \t\t\t\t\t\t\t  \t\t\t\t\t\t\t  \t\t\t\t\t\t<\/div>\n  \t\t\t\t\t\t  \t\t\t\t\t<\/div>\n          \t\t\t\t\t<div class=\"box-text text-center\" >\n\t\t\t\t\t<div class=\"box-text-inner blog-post-inner\">\n\n\t\t\t\t\t\n\t\t\t\t\t\t\t\t\t\t<h5 class=\"post-title is-large \">\n\t\t\t\t\t\t<a href=\"https:\/\/laptopnhienvu.info.vn\/index.php\/2026\/05\/07\/tai-foxit-reader-full-crack-key-ban-quyen\/\" class=\"plain\">T\u1ea3i Foxit Reader Editor PDF PhantomPDF Full Crack Active B\u1ea3n Quy\u1ec1n V\u0129nh Vi\u1ec5n<\/a>\n\t\t\t\t\t<\/h5>\n\t\t\t\t\t\t\t\t\t\t<div class=\"is-divider\"><\/div>\n\t\t\t\t\t\t\t\t\t\t<p class=\"from_the_blog_excerpt \">\n\t\t\t\t\t\tFoxit Reader l\u00e0 ph\u1ea7n m\u1ec1m \u0111\u1ecdc PDF mi\u1ec5n ph\u00ed, m\u1ea1nh m\u1ebd \u0111\u01b0\u1ee3c ph\u00e1t tri\u1ec3n b\u1edfi [...]\t\t\t\t\t<\/p>\n\t\t\t\t\t                    \n\t\t\t\t\t\t\t\t\t\t\t<a href=\"https:\/\/laptopnhienvu.info.vn\/index.php\/2026\/05\/07\/tai-foxit-reader-full-crack-key-ban-quyen\/\" class=\"button  is-outline is-small mb-0\">\n\t\t\t\t\t\t\tXem chi ti\u1ebft\t\t\t\t\t\t<\/a>\n\t\t\t\t\t\n\t\t\t\t\t\n\t\t\t\t\t<\/div>\n\t\t\t\t\t<\/div>\n\t\t\t\t\t\t\t\t\t<\/div>\n\t\t\t<\/div>\n\t\t<\/div><div class=\"col post-item\" >\n\t\t\t<div class=\"col-inner\">\n\t\t\t\t<div class=\"box box-normal box-text-bottom box-blog-post has-hover\">\n            \t\t\t\t\t<div class=\"box-image\" >\n  \t\t\t\t\t\t<div class=\"image-cover\" style=\"padding-top:56.25%;\">\n\t\t\t\t\t\t\t<a href=\"https:\/\/laptopnhienvu.info.vn\/index.php\/2026\/05\/07\/tai-adobe-audition-full-crack-4\/\" class=\"plain\" aria-label=\"T\u1ea3i Adobe Audition Full Crack Key b\u1ea3n quy\u1ec1n V\u0129nh vi\u1ec5n Fix m\u1ecdi l\u1ed7i\">\n\t\t\t\t\t\t\t\t<img loading=\"lazy\" decoding=\"async\" width=\"300\" height=\"165\" src=\"https:\/\/laptopnhienvu.info.vn\/wp-content\/uploads\/2026\/05\/tai-adobe-audition-full-crack-4-300x165.jpg\" class=\"attachment-medium size-medium wp-post-image\" alt=\"T\u1ea3i Adobe Audition Full Crack Key b\u1ea3n quy\u1ec1n V\u0129nh vi\u1ec5n Fix m\u1ecdi l\u1ed7i\" srcset=\"https:\/\/laptopnhienvu.info.vn\/wp-content\/uploads\/2026\/05\/tai-adobe-audition-full-crack-4-300x165.jpg 300w, https:\/\/laptopnhienvu.info.vn\/wp-content\/uploads\/2026\/05\/tai-adobe-audition-full-crack-4-768x421.jpg 768w, https:\/\/laptopnhienvu.info.vn\/wp-content\/uploads\/2026\/05\/tai-adobe-audition-full-crack-4.jpg 820w\" sizes=\"auto, (max-width: 300px) 100vw, 300px\" \/>\t\t\t\t\t\t\t<\/a>\n  \t\t\t\t\t\t\t  \t\t\t\t\t\t\t  \t\t\t\t\t\t<\/div>\n  \t\t\t\t\t\t  \t\t\t\t\t<\/div>\n          \t\t\t\t\t<div class=\"box-text text-center\" >\n\t\t\t\t\t<div class=\"box-text-inner blog-post-inner\">\n\n\t\t\t\t\t\n\t\t\t\t\t\t\t\t\t\t<h5 class=\"post-title is-large \">\n\t\t\t\t\t\t<a href=\"https:\/\/laptopnhienvu.info.vn\/index.php\/2026\/05\/07\/tai-adobe-audition-full-crack-4\/\" class=\"plain\">T\u1ea3i Adobe Audition Full Crack Key b\u1ea3n quy\u1ec1n V\u0129nh vi\u1ec5n Fix m\u1ecdi l\u1ed7i<\/a>\n\t\t\t\t\t<\/h5>\n\t\t\t\t\t\t\t\t\t\t<div class=\"is-divider\"><\/div>\n\t\t\t\t\t\t\t\t\t\t<p class=\"from_the_blog_excerpt \">\n\t\t\t\t\t\tAdobe Audition l\u00e0 m\u1ed9t ph\u1ea7n m\u1ec1m gi\u00fap ng\u01b0\u1eddi d\u00f9ng c\u00f3 th\u1ec3 ch\u1ec9nh s\u1eeda, \u0111i\u1ec1u ch\u1ec9nh [...]\t\t\t\t\t<\/p>\n\t\t\t\t\t                    \n\t\t\t\t\t\t\t\t\t\t\t<a href=\"https:\/\/laptopnhienvu.info.vn\/index.php\/2026\/05\/07\/tai-adobe-audition-full-crack-4\/\" class=\"button  is-outline is-small mb-0\">\n\t\t\t\t\t\t\tXem chi ti\u1ebft\t\t\t\t\t\t<\/a>\n\t\t\t\t\t\n\t\t\t\t\t\n\t\t\t\t\t<\/div>\n\t\t\t\t\t<\/div>\n\t\t\t\t\t\t\t\t\t<\/div>\n\t\t\t<\/div>\n\t\t<\/div><div class=\"col post-item\" >\n\t\t\t<div class=\"col-inner\">\n\t\t\t\t<div class=\"box box-normal box-text-bottom box-blog-post has-hover\">\n            \t\t\t\t\t<div class=\"box-image\" >\n  \t\t\t\t\t\t<div class=\"image-cover\" style=\"padding-top:56.25%;\">\n\t\t\t\t\t\t\t<a href=\"https:\/\/laptopnhienvu.info.vn\/index.php\/2026\/05\/07\/tai-abbyy-finereader-full-crack-key-ban-quyen\/\" class=\"plain\" aria-label=\"T\u1ea3i Abbyy Finereader Full Crack Key b\u1ea3n quy\u1ec1n V\u0129nh vi\u1ec5n Fix m\u1ecdi l\u1ed7i chi ti\u1ebft\">\n\t\t\t\t\t\t\t\t<img loading=\"lazy\" decoding=\"async\" width=\"300\" height=\"167\" src=\"https:\/\/laptopnhienvu.info.vn\/wp-content\/uploads\/2026\/05\/tai-abbyy-finereader-full-crack-key-ban-quyen-300x167.jpg\" class=\"attachment-medium size-medium wp-post-image\" alt=\"T\u1ea3i Abbyy Finereader Full Crack Key b\u1ea3n quy\u1ec1n V\u0129nh vi\u1ec5n Fix m\u1ecdi l\u1ed7i chi ti\u1ebft\" srcset=\"https:\/\/laptopnhienvu.info.vn\/wp-content\/uploads\/2026\/05\/tai-abbyy-finereader-full-crack-key-ban-quyen-300x167.jpg 300w, https:\/\/laptopnhienvu.info.vn\/wp-content\/uploads\/2026\/05\/tai-abbyy-finereader-full-crack-key-ban-quyen.jpg 360w\" sizes=\"auto, (max-width: 300px) 100vw, 300px\" \/>\t\t\t\t\t\t\t<\/a>\n  \t\t\t\t\t\t\t  \t\t\t\t\t\t\t  \t\t\t\t\t\t<\/div>\n  \t\t\t\t\t\t  \t\t\t\t\t<\/div>\n          \t\t\t\t\t<div class=\"box-text text-center\" >\n\t\t\t\t\t<div class=\"box-text-inner blog-post-inner\">\n\n\t\t\t\t\t\n\t\t\t\t\t\t\t\t\t\t<h5 class=\"post-title is-large \">\n\t\t\t\t\t\t<a href=\"https:\/\/laptopnhienvu.info.vn\/index.php\/2026\/05\/07\/tai-abbyy-finereader-full-crack-key-ban-quyen\/\" class=\"plain\">T\u1ea3i Abbyy Finereader Full Crack Key b\u1ea3n quy\u1ec1n V\u0129nh vi\u1ec5n Fix m\u1ecdi l\u1ed7i chi ti\u1ebft<\/a>\n\t\t\t\t\t<\/h5>\n\t\t\t\t\t\t\t\t\t\t<div class=\"is-divider\"><\/div>\n\t\t\t\t\t\t\t\t\t\t<p class=\"from_the_blog_excerpt \">\n\t\t\t\t\t\tAbbyy FineReader PDF l\u00e0 m\u1ed9t ph\u1ea7n m\u1ec1m chuy\u1ec3n \u0111\u1ed5i c\u00e1c t\u00e0i li\u1ec7u gi\u1ea5y ho\u1eb7c h\u00ecnh [...]\t\t\t\t\t<\/p>\n\t\t\t\t\t                    \n\t\t\t\t\t\t\t\t\t\t\t<a href=\"https:\/\/laptopnhienvu.info.vn\/index.php\/2026\/05\/07\/tai-abbyy-finereader-full-crack-key-ban-quyen\/\" class=\"button  is-outline is-small mb-0\">\n\t\t\t\t\t\t\tXem chi ti\u1ebft\t\t\t\t\t\t<\/a>\n\t\t\t\t\t\n\t\t\t\t\t\n\t\t\t\t\t<\/div>\n\t\t\t\t\t<\/div>\n\t\t\t\t\t\t\t\t\t<\/div>\n\t\t\t<\/div>\n\t\t<\/div><div class=\"col post-item\" >\n\t\t\t<div class=\"col-inner\">\n\t\t\t\t<div class=\"box box-normal box-text-bottom box-blog-post has-hover\">\n            \t\t\t\t\t<div class=\"box-image\" >\n  \t\t\t\t\t\t<div class=\"image-cover\" style=\"padding-top:56.25%;\">\n\t\t\t\t\t\t\t<a href=\"https:\/\/laptopnhienvu.info.vn\/index.php\/2026\/05\/07\/tai-bandicam-full-crack-key-ban-quyen\/\" class=\"plain\" aria-label=\"T\u1ea3i Bandicam Full Crack Key B\u1ea3n Quy\u1ec1n V\u0129nh Vi\u1ec5n S\u1eed D\u1ee5ng \u1ed4n \u0110\u1ecbnh\">\n\t\t\t\t\t\t\t\t<img loading=\"lazy\" decoding=\"async\" width=\"300\" height=\"167\" src=\"https:\/\/laptopnhienvu.info.vn\/wp-content\/uploads\/2026\/05\/tai-bandicam-full-crack-key-ban-quyen-300x167.jpg\" class=\"attachment-medium size-medium wp-post-image\" alt=\"T\u1ea3i Bandicam Full Crack Key B\u1ea3n Quy\u1ec1n V\u0129nh Vi\u1ec5n S\u1eed D\u1ee5ng \u1ed4n \u0110\u1ecbnh\" srcset=\"https:\/\/laptopnhienvu.info.vn\/wp-content\/uploads\/2026\/05\/tai-bandicam-full-crack-key-ban-quyen-300x167.jpg 300w, https:\/\/laptopnhienvu.info.vn\/wp-content\/uploads\/2026\/05\/tai-bandicam-full-crack-key-ban-quyen.jpg 360w\" sizes=\"auto, (max-width: 300px) 100vw, 300px\" \/>\t\t\t\t\t\t\t<\/a>\n  \t\t\t\t\t\t\t  \t\t\t\t\t\t\t  \t\t\t\t\t\t<\/div>\n  \t\t\t\t\t\t  \t\t\t\t\t<\/div>\n          \t\t\t\t\t<div class=\"box-text text-center\" >\n\t\t\t\t\t<div class=\"box-text-inner blog-post-inner\">\n\n\t\t\t\t\t\n\t\t\t\t\t\t\t\t\t\t<h5 class=\"post-title is-large \">\n\t\t\t\t\t\t<a href=\"https:\/\/laptopnhienvu.info.vn\/index.php\/2026\/05\/07\/tai-bandicam-full-crack-key-ban-quyen\/\" class=\"plain\">T\u1ea3i Bandicam Full Crack Key B\u1ea3n Quy\u1ec1n V\u0129nh Vi\u1ec5n S\u1eed D\u1ee5ng \u1ed4n \u0110\u1ecbnh<\/a>\n\t\t\t\t\t<\/h5>\n\t\t\t\t\t\t\t\t\t\t<div class=\"is-divider\"><\/div>\n\t\t\t\t\t\t\t\t\t\t<p class=\"from_the_blog_excerpt \">\n\t\t\t\t\t\tBandicam\u00a0l\u00e0 m\u1ed9t ph\u1ea7n m\u1ec1m video mi\u1ec5n ph\u00ed ch\u1ee5p m\u00e0n h\u00ecnh, ghi l\u1ea1i tr\u00f2 ch\u01a1i c\u1ee7a [...]\t\t\t\t\t<\/p>\n\t\t\t\t\t                    \n\t\t\t\t\t\t\t\t\t\t\t<a href=\"https:\/\/laptopnhienvu.info.vn\/index.php\/2026\/05\/07\/tai-bandicam-full-crack-key-ban-quyen\/\" class=\"button  is-outline is-small mb-0\">\n\t\t\t\t\t\t\tXem chi ti\u1ebft\t\t\t\t\t\t<\/a>\n\t\t\t\t\t\n\t\t\t\t\t\n\t\t\t\t\t<\/div>\n\t\t\t\t\t<\/div>\n\t\t\t\t\t\t\t\t\t<\/div>\n\t\t\t<\/div>\n\t\t<\/div><div class=\"col post-item\" >\n\t\t\t<div class=\"col-inner\">\n\t\t\t\t<div class=\"box box-normal box-text-bottom box-blog-post has-hover\">\n            \t\t\t\t\t<div class=\"box-image\" >\n  \t\t\t\t\t\t<div class=\"image-cover\" style=\"padding-top:56.25%;\">\n\t\t\t\t\t\t\t<a href=\"https:\/\/laptopnhienvu.info.vn\/index.php\/2026\/05\/07\/tai-your-uninstaller-full-crack-key-ban-quyen\/\" class=\"plain\" aria-label=\"T\u1ea3i Ph\u1ea7n M\u1ec1m Uninstaller Full Crack Key b\u1ea3n quy\u1ec1n V\u0129nh vi\u1ec5n M\u1edbi Nh\u1ea5t\">\n\t\t\t\t\t\t\t\t<img loading=\"lazy\" decoding=\"async\" width=\"300\" height=\"167\" src=\"https:\/\/laptopnhienvu.info.vn\/wp-content\/uploads\/2026\/05\/tai-your-uninstaller-full-crack-key-ban-quyen-300x167.jpg\" class=\"attachment-medium size-medium wp-post-image\" alt=\"T\u1ea3i Ph\u1ea7n M\u1ec1m Uninstaller Full Crack Key b\u1ea3n quy\u1ec1n V\u0129nh vi\u1ec5n M\u1edbi Nh\u1ea5t\" srcset=\"https:\/\/laptopnhienvu.info.vn\/wp-content\/uploads\/2026\/05\/tai-your-uninstaller-full-crack-key-ban-quyen-300x167.jpg 300w, https:\/\/laptopnhienvu.info.vn\/wp-content\/uploads\/2026\/05\/tai-your-uninstaller-full-crack-key-ban-quyen.jpg 360w\" sizes=\"auto, (max-width: 300px) 100vw, 300px\" \/>\t\t\t\t\t\t\t<\/a>\n  \t\t\t\t\t\t\t  \t\t\t\t\t\t\t  \t\t\t\t\t\t<\/div>\n  \t\t\t\t\t\t  \t\t\t\t\t<\/div>\n          \t\t\t\t\t<div class=\"box-text text-center\" >\n\t\t\t\t\t<div class=\"box-text-inner blog-post-inner\">\n\n\t\t\t\t\t\n\t\t\t\t\t\t\t\t\t\t<h5 class=\"post-title is-large \">\n\t\t\t\t\t\t<a href=\"https:\/\/laptopnhienvu.info.vn\/index.php\/2026\/05\/07\/tai-your-uninstaller-full-crack-key-ban-quyen\/\" class=\"plain\">T\u1ea3i Ph\u1ea7n M\u1ec1m Uninstaller Full Crack Key b\u1ea3n quy\u1ec1n V\u0129nh vi\u1ec5n M\u1edbi Nh\u1ea5t<\/a>\n\t\t\t\t\t<\/h5>\n\t\t\t\t\t\t\t\t\t\t<div class=\"is-divider\"><\/div>\n\t\t\t\t\t\t\t\t\t\t<p class=\"from_the_blog_excerpt \">\n\t\t\t\t\t\tTr\u1ecdn b\u1ed9 Top 3 ch\u01b0\u01a1ng tr\u00ecnh Uninstaller th\u00e1o g\u00f5 c\u00e0i \u0111\u1eb7t tr\u00ean n\u1ec1n Windows, Mac [...]\t\t\t\t\t<\/p>\n\t\t\t\t\t                    \n\t\t\t\t\t\t\t\t\t\t\t<a href=\"https:\/\/laptopnhienvu.info.vn\/index.php\/2026\/05\/07\/tai-your-uninstaller-full-crack-key-ban-quyen\/\" class=\"button  is-outline is-small mb-0\">\n\t\t\t\t\t\t\tXem chi ti\u1ebft\t\t\t\t\t\t<\/a>\n\t\t\t\t\t\n\t\t\t\t\t\n\t\t\t\t\t<\/div>\n\t\t\t\t\t<\/div>\n\t\t\t\t\t\t\t\t\t<\/div>\n\t\t\t<\/div>\n\t\t<\/div><div class=\"col post-item\" >\n\t\t\t<div class=\"col-inner\">\n\t\t\t\t<div class=\"box box-normal box-text-bottom box-blog-post has-hover\">\n            \t\t\t\t\t<div class=\"box-image\" >\n  \t\t\t\t\t\t<div class=\"image-cover\" style=\"padding-top:56.25%;\">\n\t\t\t\t\t\t\t<a href=\"https:\/\/laptopnhienvu.info.vn\/index.php\/2026\/05\/07\/tai-solidworks-full-crack-key-ban-quyen\/\" class=\"plain\" aria-label=\"T\u1ea3i Solidworks Full Crack Key B\u1ea3n Quy\u1ec1n V\u0129nh Vi\u1ec5n C\u00e0i \u0110\u1eb7t \u1ed4n \u0110\u1ecbnh\">\n\t\t\t\t\t\t\t\t<img loading=\"lazy\" decoding=\"async\" width=\"300\" height=\"167\" src=\"https:\/\/laptopnhienvu.info.vn\/wp-content\/uploads\/2026\/05\/tai-solidworks-full-crack-key-ban-quyen-300x167.jpg\" class=\"attachment-medium size-medium wp-post-image\" alt=\"T\u1ea3i Solidworks Full Crack Key B\u1ea3n Quy\u1ec1n V\u0129nh Vi\u1ec5n C\u00e0i \u0110\u1eb7t \u1ed4n \u0110\u1ecbnh\" srcset=\"https:\/\/laptopnhienvu.info.vn\/wp-content\/uploads\/2026\/05\/tai-solidworks-full-crack-key-ban-quyen-300x167.jpg 300w, https:\/\/laptopnhienvu.info.vn\/wp-content\/uploads\/2026\/05\/tai-solidworks-full-crack-key-ban-quyen.jpg 360w\" sizes=\"auto, (max-width: 300px) 100vw, 300px\" \/>\t\t\t\t\t\t\t<\/a>\n  \t\t\t\t\t\t\t  \t\t\t\t\t\t\t  \t\t\t\t\t\t<\/div>\n  \t\t\t\t\t\t  \t\t\t\t\t<\/div>\n          \t\t\t\t\t<div class=\"box-text text-center\" >\n\t\t\t\t\t<div class=\"box-text-inner blog-post-inner\">\n\n\t\t\t\t\t\n\t\t\t\t\t\t\t\t\t\t<h5 class=\"post-title is-large \">\n\t\t\t\t\t\t<a href=\"https:\/\/laptopnhienvu.info.vn\/index.php\/2026\/05\/07\/tai-solidworks-full-crack-key-ban-quyen\/\" class=\"plain\">T\u1ea3i Solidworks Full Crack Key B\u1ea3n Quy\u1ec1n V\u0129nh Vi\u1ec5n C\u00e0i \u0110\u1eb7t \u1ed4n \u0110\u1ecbnh<\/a>\n\t\t\t\t\t<\/h5>\n\t\t\t\t\t\t\t\t\t\t<div class=\"is-divider\"><\/div>\n\t\t\t\t\t\t\t\t\t\t<p class=\"from_the_blog_excerpt \">\n\t\t\t\t\t\tSolidWorks l\u00e0 m\u1ed9t ph\u1ea7n m\u1ec1m thi\u1ebft k\u1ebf 3D h\u00e0ng \u0111\u1ea7u trong l\u0129nh v\u1ef1c k\u1ef9 thu\u1eadt [...]\t\t\t\t\t<\/p>\n\t\t\t\t\t                    \n\t\t\t\t\t\t\t\t\t\t\t<a href=\"https:\/\/laptopnhienvu.info.vn\/index.php\/2026\/05\/07\/tai-solidworks-full-crack-key-ban-quyen\/\" class=\"button  is-outline is-small mb-0\">\n\t\t\t\t\t\t\tXem chi ti\u1ebft\t\t\t\t\t\t<\/a>\n\t\t\t\t\t\n\t\t\t\t\t\n\t\t\t\t\t<\/div>\n\t\t\t\t\t<\/div>\n\t\t\t\t\t\t\t\t\t<\/div>\n\t\t\t<\/div>\n\t\t<\/div><div class=\"col post-item\" >\n\t\t\t<div class=\"col-inner\">\n\t\t\t\t<div class=\"box box-normal box-text-bottom box-blog-post has-hover\">\n            \t\t\t\t\t<div class=\"box-image\" >\n  \t\t\t\t\t\t<div class=\"image-cover\" style=\"padding-top:56.25%;\">\n\t\t\t\t\t\t\t<a href=\"https:\/\/laptopnhienvu.info.vn\/index.php\/2026\/05\/07\/tai-camtasia-full-crack-key-ban-quyen\/\" class=\"plain\" aria-label=\"T\u1ea3i Camtasia Full Crack Key B\u1ea3n Quy\u1ec1n V\u0129nh Vi\u1ec5n C\u00e0i \u0110\u1eb7t \u1ed4n \u0110\u1ecbnh Nh\u1ea5t\">\n\t\t\t\t\t\t\t\t<img loading=\"lazy\" decoding=\"async\" width=\"300\" height=\"167\" src=\"https:\/\/laptopnhienvu.info.vn\/wp-content\/uploads\/2026\/05\/tai-camtasia-full-crack-key-ban-quyen-300x167.jpg\" class=\"attachment-medium size-medium wp-post-image\" alt=\"T\u1ea3i Camtasia Full Crack Key B\u1ea3n Quy\u1ec1n V\u0129nh Vi\u1ec5n C\u00e0i \u0110\u1eb7t \u1ed4n \u0110\u1ecbnh Nh\u1ea5t\" srcset=\"https:\/\/laptopnhienvu.info.vn\/wp-content\/uploads\/2026\/05\/tai-camtasia-full-crack-key-ban-quyen-300x167.jpg 300w, https:\/\/laptopnhienvu.info.vn\/wp-content\/uploads\/2026\/05\/tai-camtasia-full-crack-key-ban-quyen.jpg 360w\" sizes=\"auto, (max-width: 300px) 100vw, 300px\" \/>\t\t\t\t\t\t\t<\/a>\n  \t\t\t\t\t\t\t  \t\t\t\t\t\t\t  \t\t\t\t\t\t<\/div>\n  \t\t\t\t\t\t  \t\t\t\t\t<\/div>\n          \t\t\t\t\t<div class=\"box-text text-center\" >\n\t\t\t\t\t<div class=\"box-text-inner blog-post-inner\">\n\n\t\t\t\t\t\n\t\t\t\t\t\t\t\t\t\t<h5 class=\"post-title is-large \">\n\t\t\t\t\t\t<a href=\"https:\/\/laptopnhienvu.info.vn\/index.php\/2026\/05\/07\/tai-camtasia-full-crack-key-ban-quyen\/\" class=\"plain\">T\u1ea3i Camtasia Full Crack Key B\u1ea3n Quy\u1ec1n V\u0129nh Vi\u1ec5n C\u00e0i \u0110\u1eb7t \u1ed4n \u0110\u1ecbnh Nh\u1ea5t<\/a>\n\t\t\t\t\t<\/h5>\n\t\t\t\t\t\t\t\t\t\t<div class=\"is-divider\"><\/div>\n\t\t\t\t\t\t\t\t\t\t<p class=\"from_the_blog_excerpt \">\n\t\t\t\t\t\tCamtasia l\u00e0 m\u1ed9t trong nh\u1eefng ph\u1ea7n m\u1ec1m quay m\u00e0n h\u00ecnh m\u00e1y t\u00ednh ph\u1ed5 bi\u1ebfn nh\u1ea5t [...]\t\t\t\t\t<\/p>\n\t\t\t\t\t                    \n\t\t\t\t\t\t\t\t\t\t\t<a href=\"https:\/\/laptopnhienvu.info.vn\/index.php\/2026\/05\/07\/tai-camtasia-full-crack-key-ban-quyen\/\" class=\"button  is-outline is-small mb-0\">\n\t\t\t\t\t\t\tXem chi ti\u1ebft\t\t\t\t\t\t<\/a>\n\t\t\t\t\t\n\t\t\t\t\t\n\t\t\t\t\t<\/div>\n\t\t\t\t\t<\/div>\n\t\t\t\t\t\t\t\t\t<\/div>\n\t\t\t<\/div>\n\t\t<\/div><\/div>\n\t\t<\/div>\n\n\t\t\n<style>\n#section_1771309217 {\n  padding-top: 30px;\n  padding-bottom: 30px;\n}\n<\/style>\n\t<\/section>\n\t\n","protected":false},"excerpt":{"rendered":"","protected":false},"author":1,"featured_media":0,"parent":0,"menu_order":0,"comment_status":"closed","ping_status":"closed","template":"page-right-sidebar.php","meta":{"footnotes":""},"class_list":["post-548","page","type-page","status-publish","hentry"],"_links":{"self":[{"href":"https:\/\/laptopnhienvu.info.vn\/index.php\/wp-json\/wp\/v2\/pages\/548","targetHints":{"allow":["GET"]}}],"collection":[{"href":"https:\/\/laptopnhienvu.info.vn\/index.php\/wp-json\/wp\/v2\/pages"}],"about":[{"href":"https:\/\/laptopnhienvu.info.vn\/index.php\/wp-json\/wp\/v2\/types\/page"}],"author":[{"embeddable":true,"href":"https:\/\/laptopnhienvu.info.vn\/index.php\/wp-json\/wp\/v2\/users\/1"}],"replies":[{"embeddable":true,"href":"https:\/\/laptopnhienvu.info.vn\/index.php\/wp-json\/wp\/v2\/comments?post=548"}],"version-history":[{"count":6,"href":"https:\/\/laptopnhienvu.info.vn\/index.php\/wp-json\/wp\/v2\/pages\/548\/revisions"}],"predecessor-version":[{"id":1528,"href":"https:\/\/laptopnhienvu.info.vn\/index.php\/wp-json\/wp\/v2\/pages\/548\/revisions\/1528"}],"wp:attachment":[{"href":"https:\/\/laptopnhienvu.info.vn\/index.php\/wp-json\/wp\/v2\/media?parent=548"}],"curies":[{"name":"wp","href":"https:\/\/api.w.org\/{rel}","templated":true}]}}