{"id":550,"date":"2026-05-07T09:12:09","date_gmt":"2026-05-07T09:12:09","guid":{"rendered":"https:\/\/laptopnhienvu.info.vn\/?page_id=550"},"modified":"2026-05-07T10:08:37","modified_gmt":"2026-05-07T10:08:37","slug":"windows","status":"publish","type":"page","link":"https:\/\/laptopnhienvu.info.vn\/index.php\/windows\/","title":{"rendered":"Windows"},"content":{"rendered":"\n\t<section class=\"section\" id=\"section_543954956\">\n\t\t<div class=\"section-bg fill\" >\n\t\t\t\t\t\t\t\t\t\n\t\t\t\n\n\t\t<\/div>\n\n\t\t\n\n\t\t<div class=\"section-content relative\">\n\t\t\t\n<div class=\"row\"  id=\"row-927223931\">\n\n\t<div id=\"col-2113707418\" class=\"col small-12 large-12\"  >\n\t\t\t\t<div class=\"col-inner\"  >\n\t\t\t\n\t\t\t\n\n<div class=\"pmtl-category-intro\">\n<h2>T\u1ed5ng H\u1ee3p C\u00e1c Ph\u1ea7n M\u1ec1m \u1ee8ng D\u1ee5ng Tr\u00ean H\u1ec7 \u0110i\u1ec1u H\u00e0nh Windows PC<\/h2>\n<p>\n    T\u1ed5ng h\u1ee3p c\u00e1c Ph\u1ea7n m\u1ec1m \u1ee8ng d\u1ee5ng \u0111\u01b0\u1ee3c nhi\u1ec1u ng\u01b0\u1eddi s\u1eed d\u1ee5ng nh\u1ea5t cho<br \/>\n    <strong>H\u1ec7 \u0111i\u1ec1u h\u00e0nh Windows &#8211; PC<\/strong> tr\u00ean m\u00e1y t\u00ednh.<br \/>\n    C\u00e1c b\u00e0i vi\u1ebft c\u1ee7a ch\u00fang t\u00f4i c\u00f3 s\u1eb5n File c\u00e0i \u0111\u1eb7t \u0111\u01b0\u1ee3c \u0111\u1eb7t tr\u00ean<br \/>\n    <strong>Sever Download VIP<\/strong> t\u1ea3i t\u1ed1c \u0111\u1ed9 cao nh\u1ea5t h\u1ed7 tr\u1ee3 ng\u01b0\u1eddi d\u00f9ng.\n  <\/p>\n<p>\n    \u0110\u1eb7c bi\u1ec7t Kh\u00f4ng s\u1eed d\u1ee5ng Link r\u00fat g\u1ecdn Qu\u1ea3ng c\u00e1o h\u1ed7 tr\u1ee3 t\u1ed1i \u0111a th\u1eddi gian ng\u01b0\u1eddi d\u00f9ng t\u00ecm ki\u1ebfm.\n  <\/p>\n<\/div>\n\n\t\t<\/div>\n\t\t\t\t\t<\/div>\n\n\t\n<\/div>\n\t\t<\/div>\n\n\t\t\n<style>\n#section_543954956 {\n  padding-top: 30px;\n  padding-bottom: 30px;\n}\n<\/style>\n\t<\/section>\n\t\n\n\t<section class=\"section\" id=\"section_906725077\">\n\t\t<div class=\"section-bg fill\" >\n\t\t\t\t\t\t\t\t\t\n\t\t\t\n\n\t\t<\/div>\n\n\t\t\n\n\t\t<div class=\"section-content relative\">\n\t\t\t\n<div class=\"row\"  id=\"row-1367766439\">\n\n\t<div id=\"col-698049815\" class=\"col small-12 large-12\"  >\n\t\t\t\t<div class=\"col-inner\"  >\n\t\t\t\n\t\t\t\n\n  \n    <div class=\"row pmtl-simple-blog-layout large-columns-1 medium-columns-1 small-columns-1\" >\n  <div class=\"col post-item\" >\n\t\t\t<div class=\"col-inner\">\n\t\t\t\t<div class=\"box box-vertical box-text-bottom box-blog-post has-hover\">\n            \t\t\t\t\t<div class=\"box-image\" style=\"width:32%;\">\n  \t\t\t\t\t\t<div class=\"image-cover\" style=\"padding-top:56.25%;\">\n\t\t\t\t\t\t\t<a href=\"https:\/\/laptopnhienvu.info.vn\/index.php\/2026\/05\/07\/download-microsoft-project-full-001\/\" class=\"plain\" aria-label=\"Download Microsoft Project Full Active Mi\u1ec5n Ph\u00ed Nhanh Chu\u1ea9n Nh\u1ea5t\">\n\t\t\t\t\t\t\t\t<img loading=\"lazy\" decoding=\"async\" width=\"300\" height=\"199\" src=\"https:\/\/laptopnhienvu.info.vn\/wp-content\/uploads\/2026\/05\/download-microsoft-project-full-001-300x199.jpg\" class=\"attachment-medium size-medium wp-post-image\" alt=\"Download Microsoft Project Full Active Mi\u1ec5n Ph\u00ed Nhanh Chu\u1ea9n Nh\u1ea5t\" srcset=\"https:\/\/laptopnhienvu.info.vn\/wp-content\/uploads\/2026\/05\/download-microsoft-project-full-001-300x199.jpg 300w, https:\/\/laptopnhienvu.info.vn\/wp-content\/uploads\/2026\/05\/download-microsoft-project-full-001-1024x679.jpg 1024w, https:\/\/laptopnhienvu.info.vn\/wp-content\/uploads\/2026\/05\/download-microsoft-project-full-001-768x510.jpg 768w, https:\/\/laptopnhienvu.info.vn\/wp-content\/uploads\/2026\/05\/download-microsoft-project-full-001.jpg 1281w\" sizes=\"auto, (max-width: 300px) 100vw, 300px\" \/>\t\t\t\t\t\t\t<\/a>\n  \t\t\t\t\t\t\t  \t\t\t\t\t\t\t  \t\t\t\t\t\t<\/div>\n  \t\t\t\t\t\t  \t\t\t\t\t<\/div>\n          \t\t\t\t\t<div class=\"box-text text-left\" >\n\t\t\t\t\t<div class=\"box-text-inner blog-post-inner\">\n\n\t\t\t\t\t\n\t\t\t\t\t\t\t\t\t\t<h5 class=\"post-title is-large \">\n\t\t\t\t\t\t<a href=\"https:\/\/laptopnhienvu.info.vn\/index.php\/2026\/05\/07\/download-microsoft-project-full-001\/\" class=\"plain\">Download Microsoft Project Full Active Mi\u1ec5n Ph\u00ed Nhanh Chu\u1ea9n Nh\u1ea5t<\/a>\n\t\t\t\t\t<\/h5>\n\t\t\t\t\t\t\t\t\t\t<div class=\"is-divider\"><\/div>\n\t\t\t\t\t\t\t\t\t\t<p class=\"from_the_blog_excerpt \">\n\t\t\t\t\t\tCh\u00e0o m\u1eebng b\u1ea1n \u0111\u1ebfn v\u1edbi trang web chia s\u1ebb t\u00e0i li\u1ec7u mi\u1ec5n ph\u00ed iTaimienphi.com. Hi\u1ec7n t\u1ea1i b\u00e0i vi\u1ebft n\u00e0y ch\u00fang t\u00f4i \u0111ang c\u1eadp nh\u1eadp n\u1ed9i dung trong ng\u00e0y h\u00f4m nay. T\u1ea3i ph\u1ea7n m\u1ec1m \u1edf b\u00e0i vi\u1ebft b\u00ean \u00a0\t\t\t\t\t<\/p>\n\t\t\t\t\t                    \n\t\t\t\t\t\n\t\t\t\t\t\n\t\t\t\t\t<\/div>\n\t\t\t\t\t<\/div>\n\t\t\t\t\t\t\t\t\t<\/div>\n\t\t\t<\/div>\n\t\t<\/div><div class=\"col post-item\" >\n\t\t\t<div class=\"col-inner\">\n\t\t\t\t<div class=\"box box-vertical box-text-bottom box-blog-post has-hover\">\n            \t\t\t\t\t<div class=\"box-image\" style=\"width:32%;\">\n  \t\t\t\t\t\t<div class=\"image-cover\" style=\"padding-top:56.25%;\">\n\t\t\t\t\t\t\t<a href=\"https:\/\/laptopnhienvu.info.vn\/index.php\/2026\/05\/07\/cach-active-office-001\/\" class=\"plain\" aria-label=\"C\u00e1ch Active Office Cho M\u1ecdi Phi\u00ean B\u1ea3n Full T\u00ednh N\u0103ng Mi\u1ec5n Ph\u00ed\">\n\t\t\t\t\t\t\t\t<img loading=\"lazy\" decoding=\"async\" width=\"300\" height=\"199\" src=\"https:\/\/laptopnhienvu.info.vn\/wp-content\/uploads\/2026\/05\/cach-active-office-001-300x199.jpg\" class=\"attachment-medium size-medium wp-post-image\" alt=\"C\u00e1ch Active Office Cho M\u1ecdi Phi\u00ean B\u1ea3n Full T\u00ednh N\u0103ng Mi\u1ec5n Ph\u00ed\" srcset=\"https:\/\/laptopnhienvu.info.vn\/wp-content\/uploads\/2026\/05\/cach-active-office-001-300x199.jpg 300w, https:\/\/laptopnhienvu.info.vn\/wp-content\/uploads\/2026\/05\/cach-active-office-001-1024x679.jpg 1024w, https:\/\/laptopnhienvu.info.vn\/wp-content\/uploads\/2026\/05\/cach-active-office-001-768x510.jpg 768w, https:\/\/laptopnhienvu.info.vn\/wp-content\/uploads\/2026\/05\/cach-active-office-001.jpg 1281w\" sizes=\"auto, (max-width: 300px) 100vw, 300px\" \/>\t\t\t\t\t\t\t<\/a>\n  \t\t\t\t\t\t\t  \t\t\t\t\t\t\t  \t\t\t\t\t\t<\/div>\n  \t\t\t\t\t\t  \t\t\t\t\t<\/div>\n          \t\t\t\t\t<div class=\"box-text text-left\" >\n\t\t\t\t\t<div class=\"box-text-inner blog-post-inner\">\n\n\t\t\t\t\t\n\t\t\t\t\t\t\t\t\t\t<h5 class=\"post-title is-large \">\n\t\t\t\t\t\t<a href=\"https:\/\/laptopnhienvu.info.vn\/index.php\/2026\/05\/07\/cach-active-office-001\/\" class=\"plain\">C\u00e1ch Active Office Cho M\u1ecdi Phi\u00ean B\u1ea3n Full T\u00ednh N\u0103ng Mi\u1ec5n Ph\u00ed<\/a>\n\t\t\t\t\t<\/h5>\n\t\t\t\t\t\t\t\t\t\t<div class=\"is-divider\"><\/div>\n\t\t\t\t\t\t\t\t\t\t<p class=\"from_the_blog_excerpt \">\n\t\t\t\t\t\tCh\u00e0o m\u1eebng b\u1ea1n \u0111\u1ebfn v\u1edbi trang web chia s\u1ebb t\u00e0i li\u1ec7u mi\u1ec5n ph\u00ed iTaimienphi.com. Hi\u1ec7n t\u1ea1i b\u00e0i vi\u1ebft n\u00e0y ch\u00fang t\u00f4i \u0111ang c\u1eadp nh\u1eadp n\u1ed9i dung trong ng\u00e0y h\u00f4m nay. T\u1ea3i ph\u1ea7n m\u1ec1m \u1edf b\u00e0i vi\u1ebft b\u00ean \u00a0\t\t\t\t\t<\/p>\n\t\t\t\t\t                    \n\t\t\t\t\t\n\t\t\t\t\t\n\t\t\t\t\t<\/div>\n\t\t\t\t\t<\/div>\n\t\t\t\t\t\t\t\t\t<\/div>\n\t\t\t<\/div>\n\t\t<\/div><div class=\"col post-item\" >\n\t\t\t<div class=\"col-inner\">\n\t\t\t\t<div class=\"box box-vertical box-text-bottom box-blog-post has-hover\">\n            \t\t\t\t\t<div class=\"box-image\" style=\"width:32%;\">\n  \t\t\t\t\t\t<div class=\"image-cover\" style=\"padding-top:56.25%;\">\n\t\t\t\t\t\t\t<a href=\"https:\/\/laptopnhienvu.info.vn\/index.php\/2026\/05\/07\/tai-kmspico-active-windows-office-003\/\" class=\"plain\" aria-label=\"T\u1ea3i KMSpico M\u1edbi Nh\u1ea5t Crack Active Windows &#038; Office Full T\u00ednh N\u0103ng\">\n\t\t\t\t\t\t\t\t<img loading=\"lazy\" decoding=\"async\" width=\"300\" height=\"199\" src=\"https:\/\/laptopnhienvu.info.vn\/wp-content\/uploads\/2026\/05\/tai-kmspico-active-windows-office-003-300x199.jpg\" class=\"attachment-medium size-medium wp-post-image\" alt=\"T\u1ea3i KMSpico M\u1edbi Nh\u1ea5t Crack Active Windows &amp; Office Full T\u00ednh N\u0103ng\" srcset=\"https:\/\/laptopnhienvu.info.vn\/wp-content\/uploads\/2026\/05\/tai-kmspico-active-windows-office-003-300x199.jpg 300w, https:\/\/laptopnhienvu.info.vn\/wp-content\/uploads\/2026\/05\/tai-kmspico-active-windows-office-003-1024x679.jpg 1024w, https:\/\/laptopnhienvu.info.vn\/wp-content\/uploads\/2026\/05\/tai-kmspico-active-windows-office-003-768x510.jpg 768w, https:\/\/laptopnhienvu.info.vn\/wp-content\/uploads\/2026\/05\/tai-kmspico-active-windows-office-003.jpg 1281w\" sizes=\"auto, (max-width: 300px) 100vw, 300px\" \/>\t\t\t\t\t\t\t<\/a>\n  \t\t\t\t\t\t\t  \t\t\t\t\t\t\t  \t\t\t\t\t\t<\/div>\n  \t\t\t\t\t\t  \t\t\t\t\t<\/div>\n          \t\t\t\t\t<div class=\"box-text text-left\" >\n\t\t\t\t\t<div class=\"box-text-inner blog-post-inner\">\n\n\t\t\t\t\t\n\t\t\t\t\t\t\t\t\t\t<h5 class=\"post-title is-large \">\n\t\t\t\t\t\t<a href=\"https:\/\/laptopnhienvu.info.vn\/index.php\/2026\/05\/07\/tai-kmspico-active-windows-office-003\/\" class=\"plain\">T\u1ea3i KMSpico M\u1edbi Nh\u1ea5t Crack Active Windows &#038; Office Full T\u00ednh N\u0103ng<\/a>\n\t\t\t\t\t<\/h5>\n\t\t\t\t\t\t\t\t\t\t<div class=\"is-divider\"><\/div>\n\t\t\t\t\t\t\t\t\t\t<p class=\"from_the_blog_excerpt \">\n\t\t\t\t\t\tCh\u00e0o m\u1eebng b\u1ea1n \u0111\u1ebfn v\u1edbi trang web chia s\u1ebb t\u00e0i li\u1ec7u mi\u1ec5n ph\u00ed iTaimienphi.com. Hi\u1ec7n t\u1ea1i b\u00e0i vi\u1ebft n\u00e0y ch\u00fang t\u00f4i \u0111ang c\u1eadp nh\u1eadp n\u1ed9i dung trong ng\u00e0y h\u00f4m nay. T\u1ea3i ph\u1ea7n m\u1ec1m \u1edf b\u00e0i vi\u1ebft b\u00ean \u00a0\t\t\t\t\t<\/p>\n\t\t\t\t\t                    \n\t\t\t\t\t\n\t\t\t\t\t\n\t\t\t\t\t<\/div>\n\t\t\t\t\t<\/div>\n\t\t\t\t\t\t\t\t\t<\/div>\n\t\t\t<\/div>\n\t\t<\/div><div class=\"col post-item\" >\n\t\t\t<div class=\"col-inner\">\n\t\t\t\t<div class=\"box box-vertical box-text-bottom box-blog-post has-hover\">\n            \t\t\t\t\t<div class=\"box-image\" style=\"width:32%;\">\n  \t\t\t\t\t\t<div class=\"image-cover\" style=\"padding-top:56.25%;\">\n\t\t\t\t\t\t\t<a href=\"https:\/\/laptopnhienvu.info.vn\/index.php\/2026\/05\/07\/tai-foxit-reader-editor-pdf-phantompdf-003\/\" class=\"plain\" aria-label=\"T\u1ea3i Foxit Reader Editor PDF PhantomPDF Active V\u0129nh Vi\u1ec5n Full T\u00ednh N\u0103ng\">\n\t\t\t\t\t\t\t\t<img loading=\"lazy\" decoding=\"async\" width=\"300\" height=\"199\" src=\"https:\/\/laptopnhienvu.info.vn\/wp-content\/uploads\/2026\/05\/tai-foxit-reader-editor-pdf-phantompdf-003-300x199.jpg\" class=\"attachment-medium size-medium wp-post-image\" alt=\"T\u1ea3i Foxit Reader Editor PDF PhantomPDF Active V\u0129nh Vi\u1ec5n Full T\u00ednh N\u0103ng\" srcset=\"https:\/\/laptopnhienvu.info.vn\/wp-content\/uploads\/2026\/05\/tai-foxit-reader-editor-pdf-phantompdf-003-300x199.jpg 300w, https:\/\/laptopnhienvu.info.vn\/wp-content\/uploads\/2026\/05\/tai-foxit-reader-editor-pdf-phantompdf-003-1024x679.jpg 1024w, https:\/\/laptopnhienvu.info.vn\/wp-content\/uploads\/2026\/05\/tai-foxit-reader-editor-pdf-phantompdf-003-768x510.jpg 768w, https:\/\/laptopnhienvu.info.vn\/wp-content\/uploads\/2026\/05\/tai-foxit-reader-editor-pdf-phantompdf-003.jpg 1281w\" sizes=\"auto, (max-width: 300px) 100vw, 300px\" \/>\t\t\t\t\t\t\t<\/a>\n  \t\t\t\t\t\t\t  \t\t\t\t\t\t\t  \t\t\t\t\t\t<\/div>\n  \t\t\t\t\t\t  \t\t\t\t\t<\/div>\n          \t\t\t\t\t<div class=\"box-text text-left\" >\n\t\t\t\t\t<div class=\"box-text-inner blog-post-inner\">\n\n\t\t\t\t\t\n\t\t\t\t\t\t\t\t\t\t<h5 class=\"post-title is-large \">\n\t\t\t\t\t\t<a href=\"https:\/\/laptopnhienvu.info.vn\/index.php\/2026\/05\/07\/tai-foxit-reader-editor-pdf-phantompdf-003\/\" class=\"plain\">T\u1ea3i Foxit Reader Editor PDF PhantomPDF Active V\u0129nh Vi\u1ec5n Full T\u00ednh N\u0103ng<\/a>\n\t\t\t\t\t<\/h5>\n\t\t\t\t\t\t\t\t\t\t<div class=\"is-divider\"><\/div>\n\t\t\t\t\t\t\t\t\t\t<p class=\"from_the_blog_excerpt \">\n\t\t\t\t\t\tCh\u00e0o m\u1eebng b\u1ea1n \u0111\u1ebfn v\u1edbi trang web chia s\u1ebb t\u00e0i li\u1ec7u mi\u1ec5n ph\u00ed iTaimienphi.com. Hi\u1ec7n t\u1ea1i b\u00e0i vi\u1ebft n\u00e0y ch\u00fang t\u00f4i \u0111ang c\u1eadp nh\u1eadp n\u1ed9i dung trong ng\u00e0y h\u00f4m nay. T\u1ea3i ph\u1ea7n m\u1ec1m \u1edf b\u00e0i vi\u1ebft b\u00ean \u00a0\t\t\t\t\t<\/p>\n\t\t\t\t\t                    \n\t\t\t\t\t\n\t\t\t\t\t\n\t\t\t\t\t<\/div>\n\t\t\t\t\t<\/div>\n\t\t\t\t\t\t\t\t\t<\/div>\n\t\t\t<\/div>\n\t\t<\/div><div class=\"col post-item\" >\n\t\t\t<div class=\"col-inner\">\n\t\t\t\t<div class=\"box box-vertical box-text-bottom box-blog-post has-hover\">\n            \t\t\t\t\t<div class=\"box-image\" style=\"width:32%;\">\n  \t\t\t\t\t\t<div class=\"image-cover\" style=\"padding-top:56.25%;\">\n\t\t\t\t\t\t\t<a href=\"https:\/\/laptopnhienvu.info.vn\/index.php\/2026\/05\/07\/tai-enscape-sketchup-huong-dan-001\/\" class=\"plain\" aria-label=\"T\u1ea3i Enscape Sketchup H\u01b0\u1edbng D\u1eabn C\u00e0i \u0110\u1eb7t Chi Ti\u1ebft Full T\u00ednh N\u0103ng Mi\u1ec5n Ph\u00ed\">\n\t\t\t\t\t\t\t\t<img loading=\"lazy\" decoding=\"async\" width=\"300\" height=\"199\" src=\"https:\/\/laptopnhienvu.info.vn\/wp-content\/uploads\/2026\/05\/tai-enscape-sketchup-huong-dan-001-300x199.jpg\" class=\"attachment-medium size-medium wp-post-image\" alt=\"T\u1ea3i Enscape Sketchup H\u01b0\u1edbng D\u1eabn C\u00e0i \u0110\u1eb7t Chi Ti\u1ebft Full T\u00ednh N\u0103ng Mi\u1ec5n Ph\u00ed\" srcset=\"https:\/\/laptopnhienvu.info.vn\/wp-content\/uploads\/2026\/05\/tai-enscape-sketchup-huong-dan-001-300x199.jpg 300w, https:\/\/laptopnhienvu.info.vn\/wp-content\/uploads\/2026\/05\/tai-enscape-sketchup-huong-dan-001-1024x679.jpg 1024w, https:\/\/laptopnhienvu.info.vn\/wp-content\/uploads\/2026\/05\/tai-enscape-sketchup-huong-dan-001-768x510.jpg 768w, https:\/\/laptopnhienvu.info.vn\/wp-content\/uploads\/2026\/05\/tai-enscape-sketchup-huong-dan-001.jpg 1281w\" sizes=\"auto, (max-width: 300px) 100vw, 300px\" \/>\t\t\t\t\t\t\t<\/a>\n  \t\t\t\t\t\t\t  \t\t\t\t\t\t\t  \t\t\t\t\t\t<\/div>\n  \t\t\t\t\t\t  \t\t\t\t\t<\/div>\n          \t\t\t\t\t<div class=\"box-text text-left\" >\n\t\t\t\t\t<div class=\"box-text-inner blog-post-inner\">\n\n\t\t\t\t\t\n\t\t\t\t\t\t\t\t\t\t<h5 class=\"post-title is-large \">\n\t\t\t\t\t\t<a href=\"https:\/\/laptopnhienvu.info.vn\/index.php\/2026\/05\/07\/tai-enscape-sketchup-huong-dan-001\/\" class=\"plain\">T\u1ea3i Enscape Sketchup H\u01b0\u1edbng D\u1eabn C\u00e0i \u0110\u1eb7t Chi Ti\u1ebft Full T\u00ednh N\u0103ng Mi\u1ec5n Ph\u00ed<\/a>\n\t\t\t\t\t<\/h5>\n\t\t\t\t\t\t\t\t\t\t<div class=\"is-divider\"><\/div>\n\t\t\t\t\t\t\t\t\t\t<p class=\"from_the_blog_excerpt \">\n\t\t\t\t\t\tCh\u00e0o m\u1eebng b\u1ea1n \u0111\u1ebfn v\u1edbi trang web chia s\u1ebb t\u00e0i li\u1ec7u mi\u1ec5n ph\u00ed iTaimienphi.com. Hi\u1ec7n t\u1ea1i b\u00e0i vi\u1ebft n\u00e0y ch\u00fang t\u00f4i \u0111ang c\u1eadp nh\u1eadp n\u1ed9i dung trong ng\u00e0y h\u00f4m nay. T\u1ea3i ph\u1ea7n m\u1ec1m \u1edf b\u00e0i vi\u1ebft b\u00ean \u00a0\t\t\t\t\t<\/p>\n\t\t\t\t\t                    \n\t\t\t\t\t\n\t\t\t\t\t\n\t\t\t\t\t<\/div>\n\t\t\t\t\t<\/div>\n\t\t\t\t\t\t\t\t\t<\/div>\n\t\t\t<\/div>\n\t\t<\/div><div class=\"col post-item\" >\n\t\t\t<div class=\"col-inner\">\n\t\t\t\t<div class=\"box box-vertical box-text-bottom box-blog-post has-hover\">\n            \t\t\t\t\t<div class=\"box-image\" style=\"width:32%;\">\n  \t\t\t\t\t\t<div class=\"image-cover\" style=\"padding-top:56.25%;\">\n\t\t\t\t\t\t\t<a href=\"https:\/\/laptopnhienvu.info.vn\/index.php\/2026\/05\/07\/matkhaugiainen-04-05\/\" class=\"plain\" aria-label=\"\u01afU TI\u00caN: Timthodienlanh: s\u1eeda t\u1ee7 l\u1ea1nh\">\n\t\t\t\t\t\t\t\t<img loading=\"lazy\" decoding=\"async\" width=\"300\" height=\"246\" src=\"https:\/\/laptopnhienvu.info.vn\/wp-content\/uploads\/2026\/05\/matkhaugiainen-04-05-300x246.png\" class=\"attachment-medium size-medium wp-post-image\" alt=\"\u01afU TI\u00caN: Timthodienlanh: s\u1eeda t\u1ee7 l\u1ea1nh\" srcset=\"https:\/\/laptopnhienvu.info.vn\/wp-content\/uploads\/2026\/05\/matkhaugiainen-04-05-300x246.png 300w, https:\/\/laptopnhienvu.info.vn\/wp-content\/uploads\/2026\/05\/matkhaugiainen-04-05-768x630.png 768w, https:\/\/laptopnhienvu.info.vn\/wp-content\/uploads\/2026\/05\/matkhaugiainen-04-05.png 860w\" sizes=\"auto, (max-width: 300px) 100vw, 300px\" \/>\t\t\t\t\t\t\t<\/a>\n  \t\t\t\t\t\t\t  \t\t\t\t\t\t\t  \t\t\t\t\t\t<\/div>\n  \t\t\t\t\t\t  \t\t\t\t\t<\/div>\n          \t\t\t\t\t<div class=\"box-text text-left\" >\n\t\t\t\t\t<div class=\"box-text-inner blog-post-inner\">\n\n\t\t\t\t\t\n\t\t\t\t\t\t\t\t\t\t<h5 class=\"post-title is-large \">\n\t\t\t\t\t\t<a href=\"https:\/\/laptopnhienvu.info.vn\/index.php\/2026\/05\/07\/matkhaugiainen-04-05\/\" class=\"plain\">\u01afU TI\u00caN: Timthodienlanh: s\u1eeda t\u1ee7 l\u1ea1nh<\/a>\n\t\t\t\t\t<\/h5>\n\t\t\t\t\t\t\t\t\t\t<div class=\"is-divider\"><\/div>\n\t\t\t\t\t\t\t\t\t\t<p class=\"from_the_blog_excerpt \">\n\t\t\t\t\t\t\u0110\u1ec3 tr\u00e1nh Google ch\u1eb7n b\u1ea3n quy\u1ec1n Ch\u1ec9 c\u1ea7n v\u00e0i gi\u00e2y c\u00e1c b\u1ea1n vui l\u00f2ng l\u00e0m theo h\u01b0\u1edbng d\u1eabn! C\u00c1CH L\u1ea4Y PASS: D\u00d9NG \u0110I\u1ec6N THO\u1ea0I KH\u00d4NG C\u1ea6N CH\u1edc B\u01b0\u1edbc 1: V\u00e0o Google t\u00ecm t\u1eeb kh\u00f3a: s\u1eeda t\u1ee7 l\u1ea1nh B\u01b0\u1edbc [...]\t\t\t\t\t<\/p>\n\t\t\t\t\t                    \n\t\t\t\t\t\n\t\t\t\t\t\n\t\t\t\t\t<\/div>\n\t\t\t\t\t<\/div>\n\t\t\t\t\t\t\t\t\t<\/div>\n\t\t\t<\/div>\n\t\t<\/div><div class=\"col post-item\" >\n\t\t\t<div class=\"col-inner\">\n\t\t\t\t<div class=\"box box-vertical box-text-bottom box-blog-post has-hover\">\n            \t\t\t\t\t<div class=\"box-image\" style=\"width:32%;\">\n  \t\t\t\t\t\t<div class=\"image-cover\" style=\"padding-top:56.25%;\">\n\t\t\t\t\t\t\t<a href=\"https:\/\/laptopnhienvu.info.vn\/index.php\/2026\/05\/07\/active-office-002\/\" class=\"plain\" aria-label=\"C\u00e1ch Crack Active Office Cho M\u1ecdi Phi\u00ean B\u1ea3n Full T\u00ednh N\u0103ng Mi\u1ec5n Ph\u00ed\">\n\t\t\t\t\t\t\t\t<img loading=\"lazy\" decoding=\"async\" width=\"300\" height=\"175\" src=\"https:\/\/laptopnhienvu.info.vn\/wp-content\/uploads\/2026\/05\/active-office-002-300x175.jpg\" class=\"attachment-medium size-medium wp-post-image\" alt=\"C\u00e1ch Crack Active Office Cho M\u1ecdi Phi\u00ean B\u1ea3n Full T\u00ednh N\u0103ng Mi\u1ec5n Ph\u00ed\" srcset=\"https:\/\/laptopnhienvu.info.vn\/wp-content\/uploads\/2026\/05\/active-office-002-300x175.jpg 300w, https:\/\/laptopnhienvu.info.vn\/wp-content\/uploads\/2026\/05\/active-office-002.jpg 724w\" sizes=\"auto, (max-width: 300px) 100vw, 300px\" \/>\t\t\t\t\t\t\t<\/a>\n  \t\t\t\t\t\t\t  \t\t\t\t\t\t\t  \t\t\t\t\t\t<\/div>\n  \t\t\t\t\t\t  \t\t\t\t\t<\/div>\n          \t\t\t\t\t<div class=\"box-text text-left\" >\n\t\t\t\t\t<div class=\"box-text-inner blog-post-inner\">\n\n\t\t\t\t\t\n\t\t\t\t\t\t\t\t\t\t<h5 class=\"post-title is-large \">\n\t\t\t\t\t\t<a href=\"https:\/\/laptopnhienvu.info.vn\/index.php\/2026\/05\/07\/active-office-002\/\" class=\"plain\">C\u00e1ch Crack Active Office Cho M\u1ecdi Phi\u00ean B\u1ea3n Full T\u00ednh N\u0103ng Mi\u1ec5n Ph\u00ed<\/a>\n\t\t\t\t\t<\/h5>\n\t\t\t\t\t\t\t\t\t\t<div class=\"is-divider\"><\/div>\n\t\t\t\t\t\t\t\t\t\t<p class=\"from_the_blog_excerpt \">\n\t\t\t\t\t\tChia s\u1ebb mi\u1ec5n ph\u00ed ph\u1ea7n m\u1ec1m Active Office \u0111\u1ea7y \u0111\u1ee7 c\u00e1c phi\u00ean b\u1ea3n t\u1eeb Office 365 t\u1edbi Office 2007, 2010, 2013, 2016, 2019, 2021, 2024 m\u1edbi nh\u1ea5t. S\u1eed d\u1ee5ng \u0111\u1ea7y \u0111\u1ee7 full ch\u1ee9c n\u0103ng v\u1edbi ph\u1ea7n m\u1ec1m Office [...]\t\t\t\t\t<\/p>\n\t\t\t\t\t                    \n\t\t\t\t\t\n\t\t\t\t\t\n\t\t\t\t\t<\/div>\n\t\t\t\t\t<\/div>\n\t\t\t\t\t\t\t\t\t<\/div>\n\t\t\t<\/div>\n\t\t<\/div><div class=\"col post-item\" >\n\t\t\t<div class=\"col-inner\">\n\t\t\t\t<div class=\"box box-vertical box-text-bottom box-blog-post has-hover\">\n            \t\t\t\t\t<div class=\"box-image\" style=\"width:32%;\">\n  \t\t\t\t\t\t<div class=\"image-cover\" style=\"padding-top:56.25%;\">\n\t\t\t\t\t\t\t<a href=\"https:\/\/laptopnhienvu.info.vn\/index.php\/2026\/05\/07\/download-microsoft-project-002\/\" class=\"plain\" aria-label=\"Download Microsoft Project Full Active Mi\u1ec5n Ph\u00ed Nhanh Chu\u1ea9n Nh\u1ea5t\">\n\t\t\t\t\t\t\t\t<img loading=\"lazy\" decoding=\"async\" width=\"300\" height=\"210\" src=\"https:\/\/laptopnhienvu.info.vn\/wp-content\/uploads\/2026\/05\/download-microsoft-project-002-300x210.gif\" class=\"attachment-medium size-medium wp-post-image\" alt=\"Download Microsoft Project Full Active Mi\u1ec5n Ph\u00ed Nhanh Chu\u1ea9n Nh\u1ea5t\" \/>\t\t\t\t\t\t\t<\/a>\n  \t\t\t\t\t\t\t  \t\t\t\t\t\t\t  \t\t\t\t\t\t<\/div>\n  \t\t\t\t\t\t  \t\t\t\t\t<\/div>\n          \t\t\t\t\t<div class=\"box-text text-left\" >\n\t\t\t\t\t<div class=\"box-text-inner blog-post-inner\">\n\n\t\t\t\t\t\n\t\t\t\t\t\t\t\t\t\t<h5 class=\"post-title is-large \">\n\t\t\t\t\t\t<a href=\"https:\/\/laptopnhienvu.info.vn\/index.php\/2026\/05\/07\/download-microsoft-project-002\/\" class=\"plain\">Download Microsoft Project Full Active Mi\u1ec5n Ph\u00ed Nhanh Chu\u1ea9n Nh\u1ea5t<\/a>\n\t\t\t\t\t<\/h5>\n\t\t\t\t\t\t\t\t\t\t<div class=\"is-divider\"><\/div>\n\t\t\t\t\t\t\t\t\t\t<p class=\"from_the_blog_excerpt \">\n\t\t\t\t\t\tMicrosoft Project Pro l\u00e0 m\u1ed9t phi\u00ean b\u1ea3n ph\u1ea7n m\u1ec1m qu\u1ea3n l\u00fd d\u1ef1 \u00e1n ph\u00e1t tri\u1ec3n b\u1edfi Microsoft. N\u00f3 cung c\u1ea5p cho ng\u01b0\u1eddi d\u00f9ng m\u1ed9t lo\u1ea1t c\u00e1c c\u00f4ng c\u1ee5 v\u00e0 t\u00ednh n\u0103ng \u0111\u1ec3 gi\u00fap qu\u1ea3n l\u00fd v\u00e0 theo d\u00f5i [...]\t\t\t\t\t<\/p>\n\t\t\t\t\t                    \n\t\t\t\t\t\n\t\t\t\t\t\n\t\t\t\t\t<\/div>\n\t\t\t\t\t<\/div>\n\t\t\t\t\t\t\t\t\t<\/div>\n\t\t\t<\/div>\n\t\t<\/div><\/div>\n\t\t<\/div>\n\t\t\t\t\t<\/div>\n\n\t\n<\/div>\n\t\t<\/div>\n\n\t\t\n<style>\n#section_906725077 {\n  padding-top: 30px;\n  padding-bottom: 30px;\n}\n<\/style>\n\t<\/section>\n\t\n","protected":false},"excerpt":{"rendered":"","protected":false},"author":1,"featured_media":0,"parent":0,"menu_order":0,"comment_status":"closed","ping_status":"closed","template":"page-right-sidebar.php","meta":{"footnotes":""},"class_list":["post-550","page","type-page","status-publish","hentry"],"_links":{"self":[{"href":"https:\/\/laptopnhienvu.info.vn\/index.php\/wp-json\/wp\/v2\/pages\/550","targetHints":{"allow":["GET"]}}],"collection":[{"href":"https:\/\/laptopnhienvu.info.vn\/index.php\/wp-json\/wp\/v2\/pages"}],"about":[{"href":"https:\/\/laptopnhienvu.info.vn\/index.php\/wp-json\/wp\/v2\/types\/page"}],"author":[{"embeddable":true,"href":"https:\/\/laptopnhienvu.info.vn\/index.php\/wp-json\/wp\/v2\/users\/1"}],"replies":[{"embeddable":true,"href":"https:\/\/laptopnhienvu.info.vn\/index.php\/wp-json\/wp\/v2\/comments?post=550"}],"version-history":[{"count":3,"href":"https:\/\/laptopnhienvu.info.vn\/index.php\/wp-json\/wp\/v2\/pages\/550\/revisions"}],"predecessor-version":[{"id":1473,"href":"https:\/\/laptopnhienvu.info.vn\/index.php\/wp-json\/wp\/v2\/pages\/550\/revisions\/1473"}],"wp:attachment":[{"href":"https:\/\/laptopnhienvu.info.vn\/index.php\/wp-json\/wp\/v2\/media?parent=550"}],"curies":[{"name":"wp","href":"https:\/\/api.w.org\/{rel}","templated":true}]}}